{"id":889,"date":"2015-07-02T05:10:48","date_gmt":"2015-07-02T05:10:48","guid":{"rendered":"http:\/\/masterstudy.stylemixthemes.com\/demo\/?page_id=889"},"modified":"2017-06-08T11:01:44","modified_gmt":"2017-06-08T11:01:44","slug":"quemsomos","status":"publish","type":"page","link":"https:\/\/fachonet.com\/index.php\/quemsomos\/","title":{"rendered":"Bem-vindo \u00e0 FACHONET"},"content":{"rendered":"<p>[vc_row full_height=&#8221;yes&#8221; css=&#8221;.vc_custom_1439543970731{margin-bottom: 15px !important;}&#8221;][vc_column][vc_custom_heading text=&#8221;Bem-vindo \u00e0 Fachonet!&#8221; google_fonts=&#8221;font_family:Montserrat%3Aregular%2C700|font_style:700%20bold%20regular%3A700%3Anormal&#8221; css=&#8221;.vc_custom_1495805038067{margin-top: -8px !important;margin-bottom: 29px !important;}&#8221;][vc_custom_heading text=&#8221;Atividade principal&#8221; font_container=&#8221;tag:h4|text_align:left&#8221; google_fonts=&#8221;font_family:Montserrat%3Aregular%2C700|font_style:400%20regular%3A400%3Anormal&#8221; css=&#8221;.vc_custom_1439544314146{margin-bottom: 20px !important;}&#8221;][vc_column_text css=&#8221;.vc_custom_1495805104393{margin-bottom: 32px !important;}&#8221;]<strong>A FACHONET<\/strong><\/p>\n<p>Situada no cora\u00e7\u00e3o do pa\u00eds &#8211; Pombal &#8211; (entre Leiria e Coimbra), a FACHONET, NIPC 505 355 264, com sede na Rua de Pombal, n.\u00ba 1, Lagares\u00a0foi criada em 19 de outubro de 2001, no Cart\u00f3rio Notarial do Centro de Formalidades e Empresas de Coimbra e encontra-se registada na Conservat\u00f3ria do Registo Comercial de Pombal, n.\u00ba 2951 &#8211; Inscri\u00e7\u00e3o n.\u00ba 1.[\/vc_column_text][vc_custom_heading text=&#8221;Objetivos estrat\u00e9gicos&#8221; font_container=&#8221;tag:h4|text_align:left&#8221; google_fonts=&#8221;font_family:Montserrat%3Aregular%2C700|font_style:400%20regular%3A400%3Anormal&#8221; css=&#8221;.vc_custom_1439544160759{margin-bottom: 20px !important;}&#8221;][stm_icon_box icon_size=&#8221;15&#8243; icon_align=&#8221;left&#8221; icon_width=&#8221;13&#8243; icon_color=&#8221;#eab830&#8243; box_text_color=&#8221;#555555&#8243; css=&#8221;.vc_custom_1496919689336{margin-bottom: 3px !important;padding-top: 0px !important;padding-right: 0px !important;padding-bottom: 0px !important;padding-left: 0px !important;}&#8221; css_icon=&#8221;.vc_custom_1496919689334{padding-left: 3px !important;}&#8221;]Os objetivos estrat\u00e9gicos da FACHONET assentam nos seguintes eixos de interven\u00e7\u00e3o:<\/p>\n<p style=\"padding-left: 30px;\">I. Continuar a desenvolver projetos de forma\u00e7\u00e3o cofinanciados pelo Fundo Social Europeu (FSE)<\/p>\n<p style=\"padding-left: 30px;\">II. Continuar a manter boas rela\u00e7\u00f5es comerciais e institucionais com outras entidades, no sentido de encetar parcerias estrat\u00e9gicas para a execu\u00e7\u00e3o de a\u00e7\u00f5es formativas conjuntas<\/p>\n<p style=\"padding-left: 30px;\">III. Promover de forma progressiva a\u00e7\u00f5es de forma\u00e7\u00e3o diferenciadas (financiada pelos participantes)<\/p>\n<p style=\"padding-left: 30px;\">IV. Valorizar continuamente a sua equipa de recursos humanos<\/p>\n<p style=\"padding-left: 30px;\">V. Implementar continuamente a\u00e7\u00f5es de melhoria<\/p>\n<p style=\"padding-left: 30px;\">[\/stm_icon_box][vc_empty_space][vc_custom_heading text=&#8221;Miss\u00e3o&#8221; font_container=&#8221;tag:h4|text_align:left&#8221; google_fonts=&#8221;font_family:Montserrat%3Aregular%2C700|font_style:400%20regular%3A400%3Anormal&#8221; css=&#8221;.vc_custom_1439563604782{margin-bottom: 20px !important;}&#8221;][vc_column_text css=&#8221;.vc_custom_1495806124502{margin-bottom: 32px !important;}&#8221;]A FACHONET tem como miss\u00e3o a realiza\u00e7\u00e3o de atividades formativas de alta qualidade, garantindo descri\u00e7\u00e3o, idoneidade, efici\u00eancia e elevado profissionalismo, visando a satisfa\u00e7\u00e3o total de todos os seus utilizadores.[\/vc_column_text][vc_custom_heading text=&#8221;Vis\u00e3o&#8221; font_container=&#8221;tag:h4|text_align:left&#8221; google_fonts=&#8221;font_family:Montserrat%3Aregular%2C700|font_style:400%20regular%3A400%3Anormal&#8221; css=&#8221;.vc_custom_1439563670473{margin-bottom: 20px !important;}&#8221;][vc_column_text css=&#8221;.vc_custom_1495806136248{margin-bottom: 32px !important;}&#8221;]A FACHONET tem como vis\u00e3o continuar a distinguir-se pelo rigor, profissionalismo, dedica\u00e7\u00e3o e criatividade, apresentando-se como uma entidade formadora com elevada notoriedade no seu mercado de atua\u00e7\u00e3o, acreditando que atrav\u00e9s da inova\u00e7\u00e3o e esp\u00edrito de equipa encontrar\u00e1 as solu\u00e7\u00f5es adequadas para enfrentar os desafios do futuro.[\/vc_column_text][vc_custom_heading text=&#8221;Pol\u00edtica de Qualidade&#8221; font_container=&#8221;tag:h4|text_align:left&#8221; google_fonts=&#8221;font_family:Montserrat%3Aregular%2C700|font_style:400%20regular%3A400%3Anormal&#8221; css=&#8221;.vc_custom_1439563782426{margin-bottom: 20px !important;}&#8221;][vc_column_text css=&#8221;.vc_custom_1495806166184{margin-bottom: 32px !important;}&#8221;]A pol\u00edtica da qualidade da FACHONET \u00e9 assente no compromisso com os seguintes princ\u00edpios:<\/p>\n<ul>\n<li>Satisfa\u00e7\u00e3o de clientes, colaboradores e fornecedores<\/li>\n<li>Otimiza\u00e7\u00e3o e melhoria cont\u00ednua dos processos organizacionais<\/li>\n<li>Cria\u00e7\u00e3o\/realiza\u00e7\u00e3o de atividades formativas de elevado valor acrescentado<\/li>\n<li>Cumprimento dos requisitos de certifica\u00e7\u00e3o de entidades formadoras<\/li>\n<li>Cria\u00e7\u00e3o de compet\u00eancias e valoriza\u00e7\u00e3o de recursos humanos<\/li>\n<li>Inova\u00e7\u00e3o permanente<\/li>\n<\/ul>\n<p>[\/vc_column_text][vc_single_image image=&#8221;1562&#8243; img_size=&#8221;full&#8221; alignment=&#8221;center&#8221; style=&#8221;vc_box_shadow_3d&#8221; css=&#8221;.vc_custom_1439563472243{margin-top: 60px !important;margin-bottom: 24px !important;}&#8221;][\/vc_column][\/vc_row][vc_row][vc_column][stm_multy_separator css=&#8221;.vc_custom_1435819083449{margin-bottom: 64px !important;}&#8221;][vc_custom_heading text=&#8221;Entidade Certificada&#8221; google_fonts=&#8221;font_family:Montserrat%3Aregular%2C700|font_style:700%20bold%20regular%3A700%3Anormal&#8221; css=&#8221;.vc_custom_1439544353693{margin-bottom: 37px !important;}&#8221;][vc_row_inner][vc_column_inner width=&#8221;1\/3&#8243;][stm_certificate title=&#8221;ENTIDADE FORMADORA CERTIFICADA&#8221; image=&#8221;1563&#8243;][\/vc_column_inner][\/vc_row_inner][\/vc_column][\/vc_row][vc_row][vc_column][stm_multy_separator css=&#8221;.vc_custom_1437475130947{margin-bottom: 10px !important;}&#8221;][\/vc_column][\/vc_row][vc_row][vc_column][stm_experts experts_all=&#8221;no&#8221; expert_slides_per_row=&#8221;2&#8243; experts_title=&#8221;Our teachers&#8221;][\/vc_column][\/vc_row][vc_row][vc_column][vc_empty_space][\/vc_column][\/vc_row]<\/p>\n","protected":false},"excerpt":{"rendered":"<p>[vc_row full_height=&#8221;yes&#8221; css=&#8221;.vc_custom_1439543970731{margin-bottom: 15px !important;}&#8221;][vc_column][vc_custom_heading text=&#8221;Bem-vindo \u00e0 Fachonet!&#8221; google_fonts=&#8221;font_family:Montserrat%3Aregular%2C700|font_style:700%20bold%20regular%3A700%3Anormal&#8221; css=&#8221;.vc_custom_1495805038067{margin-top: -8px !important;margin-bottom: 29px !important;}&#8221;][vc_custom_heading text=&#8221;Atividade principal&#8221; font_container=&#8221;tag:h4|text_align:left&#8221; google_fonts=&#8221;font_family:Montserrat%3Aregular%2C700|font_style:400%20regular%3A400%3Anormal&#8221; css=&#8221;.vc_custom_1439544314146{margin-bottom: 20px !important;}&#8221;][vc_column_text css=&#8221;.vc_custom_1495805104393{margin-bottom: 32px !important;}&#8221;]A FACHONET Situada no cora\u00e7\u00e3o do pa\u00eds &#8211; Pombal &#8211; (entre Leiria e Coimbra), a FACHONET, NIPC 505 355 264, com sede na Rua de Pombal, n.\u00ba 1, Lagares\u00a0foi criada em 19 [&hellip;]<\/p>\n","protected":false},"author":2,"featured_media":0,"parent":0,"menu_order":0,"comment_status":"closed","ping_status":"closed","template":"","meta":{"footnotes":""},"class_list":["post-889","page","type-page","status-publish","hentry"],"_links":{"self":[{"href":"https:\/\/fachonet.com\/index.php\/wp-json\/wp\/v2\/pages\/889","targetHints":{"allow":["GET"]}}],"collection":[{"href":"https:\/\/fachonet.com\/index.php\/wp-json\/wp\/v2\/pages"}],"about":[{"href":"https:\/\/fachonet.com\/index.php\/wp-json\/wp\/v2\/types\/page"}],"author":[{"embeddable":true,"href":"https:\/\/fachonet.com\/index.php\/wp-json\/wp\/v2\/users\/2"}],"replies":[{"embeddable":true,"href":"https:\/\/fachonet.com\/index.php\/wp-json\/wp\/v2\/comments?post=889"}],"version-history":[{"count":6,"href":"https:\/\/fachonet.com\/index.php\/wp-json\/wp\/v2\/pages\/889\/revisions"}],"predecessor-version":[{"id":1708,"href":"https:\/\/fachonet.com\/index.php\/wp-json\/wp\/v2\/pages\/889\/revisions\/1708"}],"wp:attachment":[{"href":"https:\/\/fachonet.com\/index.php\/wp-json\/wp\/v2\/media?parent=889"}],"curies":[{"name":"wp","href":"https:\/\/api.w.org\/{rel}","templated":true}]}}